{"id":283,"date":"2021-03-21T20:12:42","date_gmt":"2021-03-21T20:12:42","guid":{"rendered":"https:\/\/shop.digitalabsorption.de\/index.php\/imprint\/"},"modified":"2025-07-20T10:10:10","modified_gmt":"2025-07-20T10:10:10","slug":"imprint","status":"publish","type":"page","link":"https:\/\/shop.digitalabsorption.de\/index.php\/imprint\/","title":{"rendered":"Imprint"},"content":{"rendered":"\n<div class=\"box\">\n    <h2>Contact<\/h2>\n\n    <p>\n        DigitalAbsorption<br>\n        Bj\u00f6rn Petersen<br>\n        Sothenbergstr.5<br>\n        31162 Bad Salzdetfurth<br>\n        05063\/1529\n    <\/p>\n\n    <p>\n        Sole proprietorship<br>\n        Ust-ID: DE323942099\n    <\/p>\n\n    <h2>E-MAIL<\/h2>\n\n    <p>\n        Business enquiries; Social Media Cooperations<br>\n        info@digitalabsorption.de\n    <\/p>\n<\/div>\n\n<div class=\"box\">\n    <h2>Exclusion Of Liability<\/h2>\n    <h3>Responsibility for any content<\/h3>\n    <p>I cannot guarantee that the content is correct, complete or up to date. I will remove any content immediately if I become aware of any legal violations.<\/p>\n    <h3>Liability for links<\/h3>\n    <p>I have no influence on the content of external third-party websites that are linked on this website. Therefore I cannot accept any liability for this third-party content. The respective provider or operator of those (linked) pages is always responsible for the content. The linked pages were checked for possible legal violations at the time they were linked. No illegal content was found at the time the link was created. However permanent monitoring of the content of the linked pages is unreasonable without concrete evidence of a violation of the law. If I become aware of legal violations, I will remove such links immediately. <\/p>\n    <h3>Copyright<\/h3>\n    <p>The created content on this page (including the social media pages) is protected by copyright. The duplication, processing, distribution and any kind of exploitation outside the limits of copyright require the written consent of the respective author \/ creator. Downloads and copies of this site are not permitted. Insofar as the content of this site was not created by the operator, the copyrights of third parties are observed. In particular, works by third parties are marked as such. If you should nevertheless become aware of the violation of copyright, please contact the email address given in the legal notice. If I become aware of legal violations, I will remove the relevant content immediately.<\/p>\n<\/div>\n\n\n\n<div class=\"box\">\n    <h2>KONTAKT (German Version)<\/h2>\n\n    <p>\n        DigitalAbsorption<br>\n        Bj\u00f6rn Petersen<br>\n        Sothenbergstr.5<br>\n        31162 Bad Salzdetfurth<br>\n        05063\/1529\n    <\/p>\n\n    <p>\n        Einzelunternehmer<br>\n        Ust-ID: DE323942099\n    <\/p>\n\n    <h2>E-MAIL<\/h2>\n\n    <p>\n        Allgemeine Anfragen &amp; Social Media Kooperationen<br>\n        info@digitalabsorption.de\n    <\/p>\n<\/div>\n\n<div class=\"box\">\n    <h2>Haftungsausschluss<\/h2>\n    <h3>Haftung f\u00fcr Inhalte<\/h3>\n    <p>Die Inhalte meiner Seite wurden mit gr\u00f6\u00dfter Sorgfalt erstellt. F\u00fcr die Richtigkeit, Vollst\u00e4ndigkeit und Aktualit\u00e4t der Inhalte kann ich jedoch keine Gew\u00e4hr \u00fcbernehmen. Bei Bekanntwerden von entsprechenden Rechtsverletzungen werde ich diese Inhalte umgehend entfernen.<\/p>\n    <h3>Haftung f\u00fcr Links<\/h3>\n    <p>Ich habe keinen Einfluss auf die Inhalte der hier auf der Webseite enthaltenen Links zu externen Webseiten Dritter . Deshalb kann ich f\u00fcr diese fremden Inhalte auch keine Gew\u00e4hr \u00fcbernehmen. F\u00fcr die Inhalte der verlinkten Seiten ist stets der jeweilige Anbieter oder Betreiber der Seiten verantwortlich. Die verlinkten Seiten wurden zum Zeitpunkt der Verlinkung auf m\u00f6gliche Rechtsverst\u00f6\u00dfe \u00fcberpr\u00fcft. Rechtswidrige Inhalte waren zum Zeitpunkt der Verlinkung nicht erkennbar. Eine permanente inhaltliche Kontrolle der verlinkten Seiten ist jedoch ohne konkrete Anhaltspunkte einer Rechtsverletzung nicht zumutbar. Bei Bekanntwerden von Rechtsverletzungen werde ich derartige Links umgehend entfernen. <\/p>\n    <h3>Urheberrecht<\/h3>\n    <p>Die erstellten Inhalte und Werke auf dieser Seite (inklusive der Social Media Seiten) unterliegen dem Urheberrecht. Die Vervielf\u00e4ltigung, Bearbeitung, Verbreitung und jede Art der Verwertung au\u00dferhalb der Grenzen des Urheberrechts bed\u00fcrfen der schriftlichen Zustimmung des jeweiligen Autors \/ Erstellers. Downloads und Kopien dieser Seite sind nicht gestattet. Soweit die Inhalte dieser Seite nich vom Betreiber erstellt wurden, werden die Urheberrechte Dritter beachtet. Insbesondere werden Werke Dritter als solche gekennzeichnet. Sollten Sie trotzdem auf die Verletzung des Urheberrechts aufmerksam werden, so bitte ich Sie sich an die im Impressum genannte E-Mail Adresse zu wenden. Bei Bekanntwerden von Rechtsverletzungen werde ich die entsprechenden Inhalte sofort entfernen.<\/p>\n<\/div>\n\n\n\n<p><\/p>\n\n\n\n<h3 class=\"wp-block-heading\"><strong>Consumer dispute<\/strong><\/h3>\n\n\n\n<p>(1) We are neither obliged nor willing to participate in a dispute settlement procedure before a consumer arbitration board.<\/p>\n\n\n\n<p>(2) Our E-mail Adress:&nbsp; <a href=\"mailto:info@digitalabsorption.de\"><strong>info@digitalabsorption.de<\/strong><\/a><\/p>\n","protected":false},"excerpt":{"rendered":"<p>Contact DigitalAbsorption Bj\u00f6rn Petersen Sothenbergstr.5 31162 Bad Salzdetfurth 05063\/1529 Sole proprietorship Ust-ID: DE323942099 E-MAIL Business enquiries; Social Media Cooperations info@digitalabsorption.de Exclusion Of Liability Responsibility for any content I cannot guarantee that the content is correct, complete or up to date. I will remove any content immediately if I become aware of any legal violations. Liability [&hellip;]<\/p>\n","protected":false},"author":1,"featured_media":0,"parent":0,"menu_order":0,"comment_status":"closed","ping_status":"closed","template":"","meta":{"footnotes":""},"class_list":["post-283","page","type-page","status-publish","hentry"],"_links":{"self":[{"href":"https:\/\/shop.digitalabsorption.de\/index.php\/wp-json\/wp\/v2\/pages\/283","targetHints":{"allow":["GET"]}}],"collection":[{"href":"https:\/\/shop.digitalabsorption.de\/index.php\/wp-json\/wp\/v2\/pages"}],"about":[{"href":"https:\/\/shop.digitalabsorption.de\/index.php\/wp-json\/wp\/v2\/types\/page"}],"author":[{"embeddable":true,"href":"https:\/\/shop.digitalabsorption.de\/index.php\/wp-json\/wp\/v2\/users\/1"}],"replies":[{"embeddable":true,"href":"https:\/\/shop.digitalabsorption.de\/index.php\/wp-json\/wp\/v2\/comments?post=283"}],"version-history":[{"count":14,"href":"https:\/\/shop.digitalabsorption.de\/index.php\/wp-json\/wp\/v2\/pages\/283\/revisions"}],"predecessor-version":[{"id":4877,"href":"https:\/\/shop.digitalabsorption.de\/index.php\/wp-json\/wp\/v2\/pages\/283\/revisions\/4877"}],"wp:attachment":[{"href":"https:\/\/shop.digitalabsorption.de\/index.php\/wp-json\/wp\/v2\/media?parent=283"}],"curies":[{"name":"wp","href":"https:\/\/api.w.org\/{rel}","templated":true}]}}